{"id":101,"date":"2018-06-28T10:50:23","date_gmt":"2018-06-28T10:50:23","guid":{"rendered":"http:\/\/wp.5sl.org\/?page_id=101"},"modified":"2023-11-30T14:10:00","modified_gmt":"2023-11-30T14:10:00","slug":"101-2","status":"publish","type":"page","link":"https:\/\/www.5sl.org\/?page_id=101","title":{"rendered":"E-Mail einrichten"},"content":{"rendered":"<div id=\"c273\" class=\"csc-default\">\n<div class=\"csc-header csc-header-n1\">\n<h4 class=\"csc-firstHeader\">E-Mail f\u00fcr das B\u00fcrgernetz-Konto einrichten<\/h4>\n<\/div>\n<div class=\"csc-textpic-text\">\n<p class=\"bodytext\">Als Mitglied des B\u00fcrgernetzes F\u00fcnf-Seen-Land haben Sie einen Benutzernamen und ein Kennwort erhalten.<\/p>\n<p class=\"bodytext\">Diese Basisdaten ben\u00f6tigen Sie f\u00fcr die Einrichtung Ihres E-Mail Kontos.<\/p>\n<\/div>\n<\/div>\n<div id=\"c274\" class=\"csc-default csc-space-before-100\">\n<div class=\"csc-header csc-header-n2\">\n<h4>Schritt 1 &gt;&gt; Zugangsdaten pr\u00fcfen<\/h4>\n<\/div>\n<div class=\"csc-textpic csc-textpic-center csc-textpic-below\">\n<div class=\"csc-textpic-text\">\n<p class=\"bodytext\">Zun\u00e4chst pr\u00fcfen wir, ob Ihre Zugangsdaten korrekt sind.<\/p>\n<p class=\"bodytext\">Dazu nutzen wir unseren Webmailer.<br \/>\nDas ist eine Seite, die Sie im Web-Browser aufrufen k\u00f6nnen, um E-Mails abzurufen oder zu verfassen.<\/p>\n<p class=\"bodytext\">a) Rufen Sie die Seite <a href=\"https:\/\/webmail.5sl.org\" target=\"_blank\" rel=\"noopener noreferrer\">https:\/\/webmail.5sl.org<\/a> auf.<\/p>\n<p class=\"bodytext\">b) Geben Sie im Feld &#8222;Name&#8220; Ihren Benutzernamen ein<\/p>\n<p class=\"bodytext\">c) Geben Sie im Feld &#8222;Passwort&#8220; Ihr Kennwort ein<\/p>\n<p class=\"bodytext\">d) Klicken Sie auf die Schaltfl\u00e4che &#8222;Login&#8220;<\/p>\n<p class=\"bodytext\"><img loading=\"lazy\" class=\"alignnone size-medium wp-image-102\" src=\"http:\/\/wp.5sl.org\/wp-content\/uploads\/2018\/06\/mail1-300x190.jpg\" alt=\"\" width=\"300\" height=\"190\" srcset=\"https:\/\/www.5sl.org\/wp-content\/uploads\/2018\/06\/mail1-300x190.jpg 300w, https:\/\/www.5sl.org\/wp-content\/uploads\/2018\/06\/mail1.jpg 486w\" sizes=\"(max-width: 300px) 85vw, 300px\" \/><\/p>\n<p class=\"bodytext\">e) Wenn die Anmeldedaten korrekt waren, \u00f6ffnet sich die Verwaltungsoberfl\u00e4che f\u00fcr Ihre E-Mails.<\/p>\n<p class=\"bodytext\"><img loading=\"lazy\" class=\"alignnone size-medium wp-image-103\" src=\"http:\/\/wp.5sl.org\/wp-content\/uploads\/2018\/06\/mail2-300x94.jpg\" alt=\"\" width=\"300\" height=\"94\" srcset=\"https:\/\/www.5sl.org\/wp-content\/uploads\/2018\/06\/mail2-300x94.jpg 300w, https:\/\/www.5sl.org\/wp-content\/uploads\/2018\/06\/mail2.jpg 500w\" sizes=\"(max-width: 300px) 85vw, 300px\" \/><\/p>\n<p class=\"bodytext\">f) Falls die Anmeldung misslungen ist, erhalten Sie eine entsprechende Fehlermeldung.<\/p>\n<p class=\"bodytext\"><img loading=\"lazy\" class=\"alignnone size-medium wp-image-104\" src=\"http:\/\/wp.5sl.org\/wp-content\/uploads\/2018\/06\/mail3-300x151.jpg\" alt=\"\" width=\"300\" height=\"151\" srcset=\"https:\/\/www.5sl.org\/wp-content\/uploads\/2018\/06\/mail3-300x151.jpg 300w, https:\/\/www.5sl.org\/wp-content\/uploads\/2018\/06\/mail3.jpg 511w\" sizes=\"(max-width: 300px) 85vw, 300px\" \/><\/p>\n<div id=\"c278\" class=\"csc-default csc-space-before-100\">\n<div class=\"csc-header csc-header-n6\">\n<h4><\/h4>\n<h4>Schritt 2 &gt;&gt; Einstellungen im E-Mail-Programm<\/h4>\n<\/div>\n<div class=\"csc-textpic-text\">\n<p class=\"bodytext\">E-Mail-Programme enthalten Sie entweder vorinstalliert beim Kauf Ihres PCs oder zum Herunterladen aus dem Internet.<\/p>\n<p class=\"bodytext\">Die Eingabemasken sehen je nach Programm etwas unterschiedlich aus.<\/p>\n<p class=\"bodytext\">Weit verbreitetet sind die Mail-Programme Microsoft Outlook und Mozilla Thunderbird.<\/p>\n<p class=\"bodytext\">\u00bb Beispiel Beschreibung: <a class=\"external-link-new-window\" title=\"Opens external link in new window\" href=\"https:\/\/hilfe-center.1und1.de\/outlook-email-konto-einrichten\" target=\"_blank\" rel=\"noopener noreferrer\">Mail-Einrichtung f\u00fcr Outlook<\/a><\/p>\n<p class=\"bodytext\">\u00bb Beispiel Beschreibung: <a class=\"external-link-new-window\" title=\"Opens external link in new window\" href=\"https:\/\/support.mozilla.org\/de\/kb\/konto-einrichten\" target=\"_blank\" rel=\"noopener noreferrer\">Mail-Einrichtung f\u00fcr Thunderbird<\/a><\/p>\n<p class=\"bodytext\"><b>Hinweis:<\/b> ersetzen Sie die Eintr\u00e4ge von Verschl\u00fcsselung und Ports in den Beispiel-Beschreibungen bitte durch unsere Vorgaben.<br \/>\nSie m\u00fcssen nicht verstehen was das bedeutet. Es sind festgelegt technische Parameter f\u00fcr die erforderliche Komunikation zwischen Ihrem E-Mail-Programm und unserem Server.<\/p>\n<\/div>\n<\/div>\n<div id=\"c290\" class=\"csc-default\">\n<div id=\"c286\" class=\"csc-default\">\n<p class=\"bodytext\">Bitte verwenden Sie in Ihrem E-Mail-Programm k\u00fcnftig folgende Einstellungen:<\/p>\n<p class=\"bodytext\"><b>Empfangs-Server:<\/b><\/p>\n<p class=\"bodytext\">Verschl\u00fcsselung STARTTLS oder SSL oder TLS<br \/>\nServername:\u00a0 IMAP\u00a0\u00bb <a href=\"http:\/\/mail.5sl.org\" target=\"_blank\" rel=\"noopener noreferrer\">mail.5sl.org<\/a> Port 143 oder Port 993<br \/>\nDas Zertifikat muss akzeptiert werden.<\/p>\n<p class=\"bodytext\">alternativ:<\/p>\n<p class=\"bodytext\">Servername: Pop3 \u00bb <a href=\"http:\/\/mail.5sl.org\" target=\"_blank\" rel=\"noopener noreferrer\">mail.5sl.org<\/a> Port 995<br \/>\noder Port 110 mit Verschl\u00fcsselung STARTTLS oder SSL oder TLS<br \/>\nDas Zertifikat muss akzeptiert werden.<\/p>\n<p><b>Versandserver: <\/b><br \/>\nVerschl\u00fcsselung STARTTLS oder SSL oder TLS<br \/>\nServername:\u00a0 SMTP\u00a0\u00bb mail.5sl.org, Port 25 oder Port 465 oder Port 587 (empfolen f\u00fcr MS Outlook)<br \/>\nDas Zertifikat muss akzeptiert werden<\/p>\n<\/div>\n<\/div>\n<div id=\"c289\" class=\"csc-default csc-space-before-30\">\n<div class=\"csc-textpic-text\">\n<p class=\"bodytext\">Wenn Sie ein anderes Mail-Programm einsetzen oder mit Ihrem mobilen Endger\u00e4t wie ein Smart Phone oder Tablet die E-Mail-Adresse nutzen wollen, lesen Sie bitte die Benutzeranleitung Ihrer Software bzw. Ihres Ger\u00e4tes.<\/p>\n<p class=\"bodytext\">\n<\/div>\n<\/div>\n<\/div>\n<\/div>\n<\/div>\n","protected":false},"excerpt":{"rendered":"<p>E-Mail f\u00fcr das B\u00fcrgernetz-Konto einrichten Als Mitglied des B\u00fcrgernetzes F\u00fcnf-Seen-Land haben Sie einen Benutzernamen und ein Kennwort erhalten. Diese Basisdaten ben\u00f6tigen Sie f\u00fcr die Einrichtung Ihres E-Mail Kontos. Schritt 1 &gt;&gt; Zugangsdaten pr\u00fcfen Zun\u00e4chst pr\u00fcfen wir, ob Ihre Zugangsdaten korrekt sind. Dazu nutzen wir unseren Webmailer. Das ist eine Seite, die Sie im Web-Browser aufrufen &hellip; <a href=\"https:\/\/www.5sl.org\/?page_id=101\" class=\"more-link\"><span class=\"screen-reader-text\">&#8222;E-Mail einrichten&#8220; <\/span>weiterlesen<\/a><\/p>\n","protected":false},"author":2,"featured_media":0,"parent":0,"menu_order":0,"comment_status":"closed","ping_status":"closed","template":"","meta":[],"_links":{"self":[{"href":"https:\/\/www.5sl.org\/index.php?rest_route=\/wp\/v2\/pages\/101"}],"collection":[{"href":"https:\/\/www.5sl.org\/index.php?rest_route=\/wp\/v2\/pages"}],"about":[{"href":"https:\/\/www.5sl.org\/index.php?rest_route=\/wp\/v2\/types\/page"}],"author":[{"embeddable":true,"href":"https:\/\/www.5sl.org\/index.php?rest_route=\/wp\/v2\/users\/2"}],"replies":[{"embeddable":true,"href":"https:\/\/www.5sl.org\/index.php?rest_route=%2Fwp%2Fv2%2Fcomments&post=101"}],"version-history":[{"count":4,"href":"https:\/\/www.5sl.org\/index.php?rest_route=\/wp\/v2\/pages\/101\/revisions"}],"predecessor-version":[{"id":309,"href":"https:\/\/www.5sl.org\/index.php?rest_route=\/wp\/v2\/pages\/101\/revisions\/309"}],"wp:attachment":[{"href":"https:\/\/www.5sl.org\/index.php?rest_route=%2Fwp%2Fv2%2Fmedia&parent=101"}],"curies":[{"name":"wp","href":"https:\/\/api.w.org\/{rel}","templated":true}]}}