{"id":13,"date":"2016-12-31T10:58:24","date_gmt":"2016-12-31T10:58:24","guid":{"rendered":"http:\/\/5sl.org\/~5sl\/5sl_wp\/?page_id=13"},"modified":"2016-12-31T11:02:23","modified_gmt":"2016-12-31T11:02:23","slug":"mitgliedschaft-beim-buergernetz","status":"publish","type":"page","link":"https:\/\/www.5sl.org\/?page_id=13","title":{"rendered":"Mitgliedschaft"},"content":{"rendered":"<p class=\"bodytext\"><b>Welche Vorteile bringt Ihnen die Mitgliedschaft beim B\u00fcrgernetz ?<\/b><\/p>\n<ul class=\"liste1\">\n<li>Sichere Nutzung von !5SL Gemeinsam mobil!<\/li>\n<li>Unterst\u00fctzung bei der ersten Einrichtung Ihres Smartphones f\u00fcr !5SL Fahrgemeinschaften<\/li>\n<li>Hilfestellung bei der Nutzung von !5SL Fahrgemeinschaften<\/li>\n<li>Aktive Mitgestaltung der !5SL Fahrgemeinschaften<\/li>\n<li>EDV-Beratung ohne weitere Nebenkosten<\/li>\n<li>Individuellere Betreuung und Ber\u00fccksichtigung von W\u00fcnschen als bei gro\u00dfen Providern<\/li>\n<li>Preisg\u00fcnstiges Angebot f\u00fcr Web-Space von Internetseiten und E-Mail-Konten<\/li>\n<li>Jahrelanges Know-How im Bereich Web- und Open Source- Technologie<\/li>\n<li>IT-Dienstleistung direkt in Ihrer N\u00e4he im F\u00fcnf-Seen-Land<\/li>\n<li>Engagierte Ehrenamtliche und keine \u00fcberlasteten Systemadministratoren als Ansprechpartner<\/li>\n<li>Pers\u00f6nliche Kontaktaufnahme zum Technikteam<\/li>\n<\/ul>\n","protected":false},"excerpt":{"rendered":"<p>Welche Vorteile bringt Ihnen die Mitgliedschaft beim B\u00fcrgernetz ? Sichere Nutzung von !5SL Gemeinsam mobil! Unterst\u00fctzung bei der ersten Einrichtung Ihres Smartphones f\u00fcr !5SL Fahrgemeinschaften Hilfestellung bei der Nutzung von !5SL Fahrgemeinschaften Aktive Mitgestaltung der !5SL Fahrgemeinschaften EDV-Beratung ohne weitere Nebenkosten Individuellere Betreuung und Ber\u00fccksichtigung von W\u00fcnschen als bei gro\u00dfen Providern Preisg\u00fcnstiges Angebot f\u00fcr Web-Space &hellip; <a href=\"https:\/\/www.5sl.org\/?page_id=13\" class=\"more-link\"><span class=\"screen-reader-text\">&#8222;Mitgliedschaft&#8220; <\/span>weiterlesen<\/a><\/p>\n","protected":false},"author":1,"featured_media":0,"parent":0,"menu_order":0,"comment_status":"closed","ping_status":"closed","template":"","meta":[],"_links":{"self":[{"href":"https:\/\/www.5sl.org\/index.php?rest_route=\/wp\/v2\/pages\/13"}],"collection":[{"href":"https:\/\/www.5sl.org\/index.php?rest_route=\/wp\/v2\/pages"}],"about":[{"href":"https:\/\/www.5sl.org\/index.php?rest_route=\/wp\/v2\/types\/page"}],"author":[{"embeddable":true,"href":"https:\/\/www.5sl.org\/index.php?rest_route=\/wp\/v2\/users\/1"}],"replies":[{"embeddable":true,"href":"https:\/\/www.5sl.org\/index.php?rest_route=%2Fwp%2Fv2%2Fcomments&post=13"}],"version-history":[{"count":2,"href":"https:\/\/www.5sl.org\/index.php?rest_route=\/wp\/v2\/pages\/13\/revisions"}],"predecessor-version":[{"id":16,"href":"https:\/\/www.5sl.org\/index.php?rest_route=\/wp\/v2\/pages\/13\/revisions\/16"}],"wp:attachment":[{"href":"https:\/\/www.5sl.org\/index.php?rest_route=%2Fwp%2Fv2%2Fmedia&parent=13"}],"curies":[{"name":"wp","href":"https:\/\/api.w.org\/{rel}","templated":true}]}}