{"id":138,"date":"2018-07-02T08:39:55","date_gmt":"2018-07-02T08:39:55","guid":{"rendered":"http:\/\/wp.5sl.org\/?page_id=138"},"modified":"2018-07-02T08:39:55","modified_gmt":"2018-07-02T08:39:55","slug":"bankverbindung","status":"publish","type":"page","link":"https:\/\/www.5sl.org\/?page_id=138","title":{"rendered":"Bankverbindung"},"content":{"rendered":"<p>B\u00fcrgernetz F\u00fcnf-Seen-Land e.V.<br \/>\nKto-Nr. 5070677<br \/>\nBLZ 70250150<br \/>\nKreissparkasse M\u00fcnchen-Starnberg (KSKMS)<\/p>\n","protected":false},"excerpt":{"rendered":"<p>B\u00fcrgernetz F\u00fcnf-Seen-Land e.V. Kto-Nr. 5070677 BLZ 70250150 Kreissparkasse M\u00fcnchen-Starnberg (KSKMS)<\/p>\n","protected":false},"author":2,"featured_media":0,"parent":0,"menu_order":0,"comment_status":"closed","ping_status":"closed","template":"","meta":[],"_links":{"self":[{"href":"https:\/\/www.5sl.org\/index.php?rest_route=\/wp\/v2\/pages\/138"}],"collection":[{"href":"https:\/\/www.5sl.org\/index.php?rest_route=\/wp\/v2\/pages"}],"about":[{"href":"https:\/\/www.5sl.org\/index.php?rest_route=\/wp\/v2\/types\/page"}],"author":[{"embeddable":true,"href":"https:\/\/www.5sl.org\/index.php?rest_route=\/wp\/v2\/users\/2"}],"replies":[{"embeddable":true,"href":"https:\/\/www.5sl.org\/index.php?rest_route=%2Fwp%2Fv2%2Fcomments&post=138"}],"version-history":[{"count":1,"href":"https:\/\/www.5sl.org\/index.php?rest_route=\/wp\/v2\/pages\/138\/revisions"}],"predecessor-version":[{"id":139,"href":"https:\/\/www.5sl.org\/index.php?rest_route=\/wp\/v2\/pages\/138\/revisions\/139"}],"wp:attachment":[{"href":"https:\/\/www.5sl.org\/index.php?rest_route=%2Fwp%2Fv2%2Fmedia&parent=138"}],"curies":[{"name":"wp","href":"https:\/\/api.w.org\/{rel}","templated":true}]}}