{"id":144,"date":"2018-07-02T08:45:16","date_gmt":"2018-07-02T08:45:16","guid":{"rendered":"http:\/\/wp.5sl.org\/?page_id=144"},"modified":"2018-07-02T08:45:16","modified_gmt":"2018-07-02T08:45:16","slug":"mitgliedsbeitraege-und-leistungen","status":"publish","type":"page","link":"https:\/\/www.5sl.org\/?page_id=144","title":{"rendered":"Mitgliedsbeitr\u00e4ge und Leistungen"},"content":{"rendered":"<div id=\"c119\" class=\"csc-default\">\n<p class=\"bodytext\">Die nachfolgenden Informationen listen unsere g\u00e4ngigen Modelle auf, wie Mitgliedschaften beim B\u00fcrgernetz ausgestaltet werden.<\/p>\n<p class=\"bodytext\">Dar\u00fcber hinaus k\u00f6nnen Sie mit uns aber auch individuelle Vereinbarungen treffen, die besser zu Ihren Anforderungen passen..<br \/>\n<a class=\"internal-link\" title=\"Opens internal link in current window\" href=\"http:\/\/wp.5sl.org\/?page_id=73\" target=\"_self\">Sprechen Sie uns diesbez\u00fcglich einfach an<\/a>.<\/p>\n<\/div>\n<div id=\"c121\" class=\"csc-default csc-space-before-30\">\n<div class=\"csc-header csc-header-n2\">\n<h2>Privatpersonen<\/h2>\n<\/div>\n<ul>\n<li>einmalige Anschlussgeb\u00fchr: 15,00 EUR<\/li>\n<li>j\u00e4hrlicher Mitgliedsbeitrag: 17,50 EUR<\/li>\n<li>Leistungen:\n<ul>\n<li>mindestens 10 MB Webspace<\/li>\n<li>\u00a0eMail-Adresse\u00a0\u00a0(xxx@5sl.org)<\/li>\n<li>FTP-Zugang<\/li>\n<li>Zugriffsstatistik<\/li>\n<li>vorkonfigurierte cgi-Scripte auf Wunsch<\/li>\n<li><span class=\"Stil1\">weitere Details im Anmeldeformular<\/span><\/li>\n<\/ul>\n<\/li>\n<\/ul>\n<\/div>\n<div id=\"c122\" class=\"csc-default csc-space-before-30\">\n<div class=\"csc-header csc-header-n3\">\n<h2>Firmen und Vereine<\/h2>\n<\/div>\n<ul>\n<li style=\"list-style-type: none\">\n<ul>\n<li>j\u00e4hrlicher Mitgliedsbeitrag: 75 \/ 100 \/ 120 EUR<br \/>\nEinstufung nach Umfang des Projektes<\/li>\n<li>Leistungen:\n<ul>\n<li>Domain-Reservierung und Pflege<\/li>\n<\/ul>\n<\/li>\n<\/ul>\n<\/li>\n<\/ul>\n<p class=\"bodytext\">\n<ul>\n<li style=\"list-style-type: none;\">\n<ul>\n<li>mindestens 100 MB Webspace<\/li>\n<li>unbegrenzte Anzahl von eMail-Adressen\u00a0\u00a0(xxx@Ihr-Verein.de)<\/li>\n<li>FTP-Zugang<\/li>\n<li>Zugriffsstatistik<\/li>\n<li>vorkonfigurierte cgi-Scripte auf Wunsch<\/li>\n<li><span class=\"Stil1\">weitere Details im Anmeldeformular<\/span><\/li>\n<\/ul>\n<\/li>\n<\/ul>\n<\/div>\n<div id=\"c123\" class=\"csc-default csc-space-before-30\">\n<div class=\"csc-header csc-header-n4\">\n<h2>Domain-Kosten<\/h2>\n<\/div>\n<ul>\n<li>einmalige Einrichtungsgeb\u00fchr pro Domain: 24,50 EUR<\/li>\n<li>Domainreservierung pro .de-Domain und Jahr: 29,16 EUR (24,50 EUR zuz\u00fcgl. MwSt.)<\/li>\n<li>Domainreservierung pro .com-Domain und Jahr: 40,00 EUR (33,62\u00a0 EUR zuz\u00fcgl. MwSt.)<\/li>\n<\/ul>\n<\/div>\n","protected":false},"excerpt":{"rendered":"<p>Die nachfolgenden Informationen listen unsere g\u00e4ngigen Modelle auf, wie Mitgliedschaften beim B\u00fcrgernetz ausgestaltet werden. Dar\u00fcber hinaus k\u00f6nnen Sie mit uns aber auch individuelle Vereinbarungen treffen, die besser zu Ihren Anforderungen passen.. Sprechen Sie uns diesbez\u00fcglich einfach an. Privatpersonen einmalige Anschlussgeb\u00fchr: 15,00 EUR j\u00e4hrlicher Mitgliedsbeitrag: 17,50 EUR Leistungen: mindestens 10 MB Webspace \u00a0eMail-Adresse\u00a0\u00a0(xxx@5sl.org) FTP-Zugang Zugriffsstatistik vorkonfigurierte &hellip; <a href=\"https:\/\/www.5sl.org\/?page_id=144\" class=\"more-link\"><span class=\"screen-reader-text\">&#8222;Mitgliedsbeitr\u00e4ge und Leistungen&#8220; <\/span>weiterlesen<\/a><\/p>\n","protected":false},"author":2,"featured_media":0,"parent":0,"menu_order":0,"comment_status":"closed","ping_status":"closed","template":"","meta":[],"_links":{"self":[{"href":"https:\/\/www.5sl.org\/index.php?rest_route=\/wp\/v2\/pages\/144"}],"collection":[{"href":"https:\/\/www.5sl.org\/index.php?rest_route=\/wp\/v2\/pages"}],"about":[{"href":"https:\/\/www.5sl.org\/index.php?rest_route=\/wp\/v2\/types\/page"}],"author":[{"embeddable":true,"href":"https:\/\/www.5sl.org\/index.php?rest_route=\/wp\/v2\/users\/2"}],"replies":[{"embeddable":true,"href":"https:\/\/www.5sl.org\/index.php?rest_route=%2Fwp%2Fv2%2Fcomments&post=144"}],"version-history":[{"count":1,"href":"https:\/\/www.5sl.org\/index.php?rest_route=\/wp\/v2\/pages\/144\/revisions"}],"predecessor-version":[{"id":145,"href":"https:\/\/www.5sl.org\/index.php?rest_route=\/wp\/v2\/pages\/144\/revisions\/145"}],"wp:attachment":[{"href":"https:\/\/www.5sl.org\/index.php?rest_route=%2Fwp%2Fv2%2Fmedia&parent=144"}],"curies":[{"name":"wp","href":"https:\/\/api.w.org\/{rel}","templated":true}]}}