{"id":146,"date":"2018-07-02T08:45:51","date_gmt":"2018-07-02T08:45:51","guid":{"rendered":"http:\/\/wp.5sl.org\/?page_id=146"},"modified":"2018-07-02T08:45:51","modified_gmt":"2018-07-02T08:45:51","slug":"it-dienstleistungen","status":"publish","type":"page","link":"https:\/\/www.5sl.org\/?page_id=146","title":{"rendered":"IT-Dienstleistungen"},"content":{"rendered":"<p class=\"bodytext\">Bei \u00fcberschaubaren PC-Problemen helfen wir Ihnen gerne ohne weitere Mehrkosten weiter.<\/p>\n<p class=\"bodytext\">F\u00fcr aufw\u00e4ndigere &#8222;EDV-Jobs&#8220;, die uns mehrere Stunden an Arbeit kosten, vereinbaren wir mit Ihnen eine Aufwandsentsch\u00e4digung, die dem Arbeitsaufwand Ihres Anliegens entspricht.<\/p>\n<p class=\"bodytext\">Typische Dienstlesitungen dieser Art sind:<\/p>\n<ul>\n<li>Konfiguration des Servers f\u00fcr bestimmte Anwendungen<\/li>\n<li>Installation und Anpassung von benutzerspezifischer Software<\/li>\n<li>Einrichtung oder Migration einer Internetseite<\/li>\n<li>Pflege eines Internetauftrittes<\/li>\n<\/ul>\n","protected":false},"excerpt":{"rendered":"<p>Bei \u00fcberschaubaren PC-Problemen helfen wir Ihnen gerne ohne weitere Mehrkosten weiter. F\u00fcr aufw\u00e4ndigere &#8222;EDV-Jobs&#8220;, die uns mehrere Stunden an Arbeit kosten, vereinbaren wir mit Ihnen eine Aufwandsentsch\u00e4digung, die dem Arbeitsaufwand Ihres Anliegens entspricht. Typische Dienstlesitungen dieser Art sind: Konfiguration des Servers f\u00fcr bestimmte Anwendungen Installation und Anpassung von benutzerspezifischer Software Einrichtung oder Migration einer Internetseite &hellip; <a href=\"https:\/\/www.5sl.org\/?page_id=146\" class=\"more-link\"><span class=\"screen-reader-text\">&#8222;IT-Dienstleistungen&#8220; <\/span>weiterlesen<\/a><\/p>\n","protected":false},"author":2,"featured_media":0,"parent":0,"menu_order":0,"comment_status":"closed","ping_status":"closed","template":"","meta":[],"_links":{"self":[{"href":"https:\/\/www.5sl.org\/index.php?rest_route=\/wp\/v2\/pages\/146"}],"collection":[{"href":"https:\/\/www.5sl.org\/index.php?rest_route=\/wp\/v2\/pages"}],"about":[{"href":"https:\/\/www.5sl.org\/index.php?rest_route=\/wp\/v2\/types\/page"}],"author":[{"embeddable":true,"href":"https:\/\/www.5sl.org\/index.php?rest_route=\/wp\/v2\/users\/2"}],"replies":[{"embeddable":true,"href":"https:\/\/www.5sl.org\/index.php?rest_route=%2Fwp%2Fv2%2Fcomments&post=146"}],"version-history":[{"count":1,"href":"https:\/\/www.5sl.org\/index.php?rest_route=\/wp\/v2\/pages\/146\/revisions"}],"predecessor-version":[{"id":147,"href":"https:\/\/www.5sl.org\/index.php?rest_route=\/wp\/v2\/pages\/146\/revisions\/147"}],"wp:attachment":[{"href":"https:\/\/www.5sl.org\/index.php?rest_route=%2Fwp%2Fv2%2Fmedia&parent=146"}],"curies":[{"name":"wp","href":"https:\/\/api.w.org\/{rel}","templated":true}]}}