{"id":151,"date":"2018-07-02T08:51:51","date_gmt":"2018-07-02T08:51:51","guid":{"rendered":"http:\/\/wp.5sl.org\/?page_id=151"},"modified":"2018-07-02T08:51:51","modified_gmt":"2018-07-02T08:51:51","slug":"spam","status":"publish","type":"page","link":"https:\/\/www.5sl.org\/?page_id=151","title":{"rendered":"Spam"},"content":{"rendered":"<p class=\"bodytext\">Mit dem Begriff SPAM verbindet man unerw\u00fcnschte elektronische Post.<\/p>\n<p class=\"bodytext\">Auf Wunsch aktivieren wir f\u00fcr Sie den Viren und Spamfilter.<br \/>\nAus rechtlichen Gr\u00fcnden k\u00f6nnen wir nicht ungefragt Mails unserer Mitglieder automatisch l\u00f6schen.<\/p>\n<p class=\"bodytext\">Nach der Aktivierung des SPAM-Schutzes k\u00f6nnen wir nicht garantieren k\u00f6nnen, da\u00df Sie noch alle Mails erhalten, die Sie erhalten wollen.<br \/>\nEs gibt weltweit kein uns bekanntes technisches oder anderes Verfahren, um Spam sicher von nicht-Spam zu unterscheiden. Sonst w\u00e4re das Problem ja keines mehr.<\/p>\n<p>Ein Spam-Filter kann eine bestimmte Quote An SPAM erkennen.<br \/>\nDiese kann im g\u00fcnstigen Fall bei etwa 99% liegen. Das hei\u00dft, der Filter l\u00f6scht ggf. trotzdem 1% aller erw\u00fcnschten Mails.<br \/>\nDas muss Ihnen nach der Aktivierung des Filters bewusst sein.<br \/>\nWir k\u00f6nnen nicht haften, wenn eine wichtige Mail verloren geht, weil sie SPAM-\u00e4hnlich aussieht.<\/p>\n<p>Warum Sie viel Spam bekommen ist klar: Ihre E-Mail-Adresse beim B\u00fcrgernetz ist auf irgendeinem Weg in das Internet gekommmen. Das wird von Adresss-Sammlern genutzt. Wenn sie mit ihrer E-Mailadresse nicht im World Wide Web sichtbar sind, bekommen sie dorthin auch keinen oder kaum Spam.<\/p>\n<p>Aufgrund \u00fcberf\u00fcllter E-Mail-Postf\u00e4cher mit unn\u00fctzen Informationen ist der SPAM-Filter aber in jedem Fall eine sinnvolle Sache und trotz einem geringen Restrisiko zu empfehlen.<\/p>\n<p class=\"bodytext\">\n<p class=\"bodytext\">Rechtliche Schritte gegen Spammer k\u00f6nnen Sie nat\u00fcrlich auch einleiten. Ob dies aber praktikabel und zielf\u00fchrend ist wird Ihnen nur ein Jurist mit entsprechender Expertise sagen k\u00f6nnen.<\/p>\n","protected":false},"excerpt":{"rendered":"<p>Mit dem Begriff SPAM verbindet man unerw\u00fcnschte elektronische Post. Auf Wunsch aktivieren wir f\u00fcr Sie den Viren und Spamfilter. Aus rechtlichen Gr\u00fcnden k\u00f6nnen wir nicht ungefragt Mails unserer Mitglieder automatisch l\u00f6schen. Nach der Aktivierung des SPAM-Schutzes k\u00f6nnen wir nicht garantieren k\u00f6nnen, da\u00df Sie noch alle Mails erhalten, die Sie erhalten wollen. Es gibt weltweit kein &hellip; <a href=\"https:\/\/www.5sl.org\/?page_id=151\" class=\"more-link\"><span class=\"screen-reader-text\">&#8222;Spam&#8220; <\/span>weiterlesen<\/a><\/p>\n","protected":false},"author":2,"featured_media":0,"parent":0,"menu_order":0,"comment_status":"closed","ping_status":"closed","template":"","meta":[],"_links":{"self":[{"href":"https:\/\/www.5sl.org\/index.php?rest_route=\/wp\/v2\/pages\/151"}],"collection":[{"href":"https:\/\/www.5sl.org\/index.php?rest_route=\/wp\/v2\/pages"}],"about":[{"href":"https:\/\/www.5sl.org\/index.php?rest_route=\/wp\/v2\/types\/page"}],"author":[{"embeddable":true,"href":"https:\/\/www.5sl.org\/index.php?rest_route=\/wp\/v2\/users\/2"}],"replies":[{"embeddable":true,"href":"https:\/\/www.5sl.org\/index.php?rest_route=%2Fwp%2Fv2%2Fcomments&post=151"}],"version-history":[{"count":1,"href":"https:\/\/www.5sl.org\/index.php?rest_route=\/wp\/v2\/pages\/151\/revisions"}],"predecessor-version":[{"id":152,"href":"https:\/\/www.5sl.org\/index.php?rest_route=\/wp\/v2\/pages\/151\/revisions\/152"}],"wp:attachment":[{"href":"https:\/\/www.5sl.org\/index.php?rest_route=%2Fwp%2Fv2%2Fmedia&parent=151"}],"curies":[{"name":"wp","href":"https:\/\/api.w.org\/{rel}","templated":true}]}}