{"id":17,"date":"2016-12-31T11:03:40","date_gmt":"2016-12-31T11:03:40","guid":{"rendered":"http:\/\/5sl.org\/~5sl\/5sl_wp\/?page_id=17"},"modified":"2021-01-09T17:41:47","modified_gmt":"2021-01-09T17:41:47","slug":"service","status":"publish","type":"page","link":"https:\/\/www.5sl.org\/?page_id=17","title":{"rendered":"Benutzer-Service"},"content":{"rendered":"<div class=\"csc-header csc-header-n1\">\n<p class=\"csc-firstHeader\">Unser Service f\u00fcr Sie:<\/p>\n<\/div>\n<p class=\"bodytext\">Unser Technik-Team trifft sich in der Regel jeden Mittwoch ab 19:30 Uhr im\u00a0<a href=\"http:\/\/www.hdbl-herrsching.de\">Haus der bayerischen Landwirtschaft in Herrsching<\/a>\u00a0\u2192 Untergescho\u00df\u00a0\u2192 Internetraum. Einschr\u00e4nkungen gibt es allerdings zeitweise durch die Vorgaben zur Kontaktbeschr\u00e4nkung und Zug\u00e4nglichkeit \u00f6ffentlicher Geb\u00e4ude bedingt durch die Corona-Pandemie. Aktuelle Informationen dazu entnehmen Sie bitte der <a href=\"http:\/\/www.hdbl-herrsching.de\">Internet-Seite<\/a>.<\/p>\n<p class=\"bodytext\">Wenn Sie unsere Berater pers\u00f6nlich antreffen wollen, senden Sie uns bitte vorab Ihre Termin-Anfrage per <a class=\"internal-link\" title=\"Opens internal link in current window\" href=\"http:\/\/wp.5sl.org\/?page_id=173\" target=\"_self\">Kontaktformular.<\/a><br \/>\nAndernfalls ist nicht sichergestellt, das ein kompetenter Ansprechpartner f\u00fcr Ihr Anliegen vor Ort ist oder Zeit daf\u00fcr hat.<\/p>\n<p class=\"bodytext\">\n","protected":false},"excerpt":{"rendered":"<p>Unser Service f\u00fcr Sie: Unser Technik-Team trifft sich in der Regel jeden Mittwoch ab 19:30 Uhr im\u00a0Haus der bayerischen Landwirtschaft in Herrsching\u00a0\u2192 Untergescho\u00df\u00a0\u2192 Internetraum. Einschr\u00e4nkungen gibt es allerdings zeitweise durch die Vorgaben zur Kontaktbeschr\u00e4nkung und Zug\u00e4nglichkeit \u00f6ffentlicher Geb\u00e4ude bedingt durch die Corona-Pandemie. Aktuelle Informationen dazu entnehmen Sie bitte der Internet-Seite. Wenn Sie unsere Berater pers\u00f6nlich &hellip; <a href=\"https:\/\/www.5sl.org\/?page_id=17\" class=\"more-link\"><span class=\"screen-reader-text\">&#8222;Benutzer-Service&#8220; <\/span>weiterlesen<\/a><\/p>\n","protected":false},"author":1,"featured_media":0,"parent":0,"menu_order":0,"comment_status":"closed","ping_status":"closed","template":"","meta":[],"_links":{"self":[{"href":"https:\/\/www.5sl.org\/index.php?rest_route=\/wp\/v2\/pages\/17"}],"collection":[{"href":"https:\/\/www.5sl.org\/index.php?rest_route=\/wp\/v2\/pages"}],"about":[{"href":"https:\/\/www.5sl.org\/index.php?rest_route=\/wp\/v2\/types\/page"}],"author":[{"embeddable":true,"href":"https:\/\/www.5sl.org\/index.php?rest_route=\/wp\/v2\/users\/1"}],"replies":[{"embeddable":true,"href":"https:\/\/www.5sl.org\/index.php?rest_route=%2Fwp%2Fv2%2Fcomments&post=17"}],"version-history":[{"count":16,"href":"https:\/\/www.5sl.org\/index.php?rest_route=\/wp\/v2\/pages\/17\/revisions"}],"predecessor-version":[{"id":284,"href":"https:\/\/www.5sl.org\/index.php?rest_route=\/wp\/v2\/pages\/17\/revisions\/284"}],"wp:attachment":[{"href":"https:\/\/www.5sl.org\/index.php?rest_route=%2Fwp%2Fv2%2Fmedia&parent=17"}],"curies":[{"name":"wp","href":"https:\/\/api.w.org\/{rel}","templated":true}]}}