{"id":27,"date":"2016-12-31T14:32:06","date_gmt":"2016-12-31T14:32:06","guid":{"rendered":"http:\/\/5sl.org\/~5sl\/5sl_wp\/?page_id=27"},"modified":"2024-11-13T15:53:56","modified_gmt":"2024-11-13T15:53:56","slug":"buergernetz-rat-und-hilfe","status":"publish","type":"page","link":"https:\/\/www.5sl.org\/?page_id=27","title":{"rendered":"B\u00fcrgernetz Rat und Hilfe"},"content":{"rendered":"<div id=\"c32\" class=\"csc-default\">\n<div class=\"csc-textpic-text\">\n<p><strong>Sie haben ein EDV-Problem, aber keine L\u00f6sung daf\u00fcr ?<\/strong><\/p>\n<p class=\"bodytext\">&#8230; dann sind Sie ja in bester Gesellschaft mit vielen anderen PC-Anwendern.<\/p>\n<p>Wir unterst\u00fctzen in erster Linie unsere Mitglieder, aber auch andere Anfragen aus dem F\u00fcnf-Seen-Land im Rahmen unserer ehrenamtlichen T\u00e4tigkeit so gut wir k\u00f6nnen mit Rat und Tat.<\/p>\n<p class=\"bodytext\">Bei gr\u00f6\u00dferen Konfigurations- oder Entwicklungsprojekten vereinbaren wir mit Ihnen im Vorfeld der Umsetzung eine Aufwandsentsch\u00e4digung.<\/p>\n<p class=\"bodytext\">Verwenden Sie bitte unser <a class=\"internal-link\" title=\"Kontaktformular\" href=\"http:\/\/wp.5sl.org\/?page_id=173\" target=\"_self\" rel=\"noopener\">Kontaktformular<\/a>, um uns Ihr konkretes Problem zu schildern, oder schicken Sie eine E-Mail an die Adresse <a class=\"mail\" title=\"eMail senden\" href=\"mailto:technik2@5sl.org\">technik2@5sl.org<\/a>.<\/p>\n<p>Wir m\u00f6chten Ihnen m\u00f6glichst schnell kompetent weiterhelfen und unn\u00f6tige Nachfragen vermeiden.<br \/>\nSchildern Sie Ihres Problem daher bitte m\u00f6glichst ausf\u00fchrlich und nachvollziehbar.\u00a0Vorteilhaft ist es, wenn Sie uns den Wortlaut etwaiger Fehlermeldungen oder einen &#8222;Screenshot&#8220; (ein Abbild der Problemsituation auf Ihrem Bildschirm) mitschicken k\u00f6nnen.<br \/>\nBitte vergessen Sie nicht, uns auch das eingesetzte Betriebssystem und die verwendete Software (Name, Version + Hersteller) mitzuteilen.<\/p>\n<p><a href=\"https:\/\/www.5sl.org\/?page_id=17\">Pers\u00f6nliche Beratung beim B\u00fcrgernetz<\/a><\/p>\n<\/div>\n<\/div>\n","protected":false},"excerpt":{"rendered":"<p>Sie haben ein EDV-Problem, aber keine L\u00f6sung daf\u00fcr ? &#8230; dann sind Sie ja in bester Gesellschaft mit vielen anderen PC-Anwendern. Wir unterst\u00fctzen in erster Linie unsere Mitglieder, aber auch andere Anfragen aus dem F\u00fcnf-Seen-Land im Rahmen unserer ehrenamtlichen T\u00e4tigkeit so gut wir k\u00f6nnen mit Rat und Tat. Bei gr\u00f6\u00dferen Konfigurations- oder Entwicklungsprojekten vereinbaren wir &hellip; <a href=\"https:\/\/www.5sl.org\/?page_id=27\" class=\"more-link\"><span class=\"screen-reader-text\">&#8222;B\u00fcrgernetz Rat und Hilfe&#8220; <\/span>weiterlesen<\/a><\/p>\n","protected":false},"author":1,"featured_media":0,"parent":17,"menu_order":0,"comment_status":"closed","ping_status":"closed","template":"","meta":[],"_links":{"self":[{"href":"https:\/\/www.5sl.org\/index.php?rest_route=\/wp\/v2\/pages\/27"}],"collection":[{"href":"https:\/\/www.5sl.org\/index.php?rest_route=\/wp\/v2\/pages"}],"about":[{"href":"https:\/\/www.5sl.org\/index.php?rest_route=\/wp\/v2\/types\/page"}],"author":[{"embeddable":true,"href":"https:\/\/www.5sl.org\/index.php?rest_route=\/wp\/v2\/users\/1"}],"replies":[{"embeddable":true,"href":"https:\/\/www.5sl.org\/index.php?rest_route=%2Fwp%2Fv2%2Fcomments&post=27"}],"version-history":[{"count":6,"href":"https:\/\/www.5sl.org\/index.php?rest_route=\/wp\/v2\/pages\/27\/revisions"}],"predecessor-version":[{"id":317,"href":"https:\/\/www.5sl.org\/index.php?rest_route=\/wp\/v2\/pages\/27\/revisions\/317"}],"up":[{"embeddable":true,"href":"https:\/\/www.5sl.org\/index.php?rest_route=\/wp\/v2\/pages\/17"}],"wp:attachment":[{"href":"https:\/\/www.5sl.org\/index.php?rest_route=%2Fwp%2Fv2%2Fmedia&parent=27"}],"curies":[{"name":"wp","href":"https:\/\/api.w.org\/{rel}","templated":true}]}}