{"id":4,"date":"2016-12-31T10:29:29","date_gmt":"2016-12-31T10:29:29","guid":{"rendered":"http:\/\/5sl.org\/5sl_wp\/?page_id=4"},"modified":"2026-01-31T17:52:22","modified_gmt":"2026-01-31T17:52:22","slug":"startseite","status":"publish","type":"page","link":"https:\/\/www.5sl.org\/","title":{"rendered":"Startseite"},"content":{"rendered":"<div class=\"csc-header csc-header-n8\">\n<p>Herzlich Willkommen beim B\u00fcrgernetz F\u00fcnf-Seen-Land.<br \/>\nIhr Partner vor Ort f\u00fcr Internet-Anwendungen im Landkreis Starnberg.<\/p>\n<p>Ziel des B\u00fcrgernetzvereins ist es, die vielf\u00e4ltigen M\u00f6glichkeiten des Internets f\u00fcr alle Einheimischen und G\u00e4ste im F\u00fcnf-Seen-Land nutzbar zu machen.<br \/>\nWir unterst\u00fctzen seit 1996 die Bev\u00f6lkerung, Vereine und Unternehmen im Umgang mit Computern, Internet und Smartphones.<br \/>\nWir arbeiten ehrenamtlich.<\/p>\n<h4>Weitere Informationen<\/h4>\n<\/div>\n<p class=\"bodytext\">Weitere ausf\u00fchrliche Informationen zur Initiative und Geschichte der B\u00fcrgernetzvereine erhalten Sie beim <a class=\"external-link-new-window\" title=\"Opens external link in new window\" href=\"http:\/\/buerger.net\" target=\"_blank\" rel=\"noopener noreferrer\">B\u00fcrgernetzverband e.V.<\/a><\/p>\n<div class=\"csc-header csc-header-n4\">\n<h4><\/h4>\n<h4>WebCAM<\/h4>\n<\/div>\n","protected":false},"excerpt":{"rendered":"<p>Herzlich Willkommen beim B\u00fcrgernetz F\u00fcnf-Seen-Land. Ihr Partner vor Ort f\u00fcr Internet-Anwendungen im Landkreis Starnberg. Ziel des B\u00fcrgernetzvereins ist es, die vielf\u00e4ltigen M\u00f6glichkeiten des Internets f\u00fcr alle Einheimischen und G\u00e4ste im F\u00fcnf-Seen-Land nutzbar zu machen. Wir unterst\u00fctzen seit 1996 die Bev\u00f6lkerung, Vereine und Unternehmen im Umgang mit Computern, Internet und Smartphones. Wir arbeiten ehrenamtlich. Weitere Informationen &hellip; <a href=\"https:\/\/www.5sl.org\/\" class=\"more-link\"><span class=\"screen-reader-text\">&#8222;Startseite&#8220; <\/span>weiterlesen<\/a><\/p>\n","protected":false},"author":1,"featured_media":0,"parent":0,"menu_order":0,"comment_status":"closed","ping_status":"closed","template":"template1.php","meta":[],"_links":{"self":[{"href":"https:\/\/www.5sl.org\/index.php?rest_route=\/wp\/v2\/pages\/4"}],"collection":[{"href":"https:\/\/www.5sl.org\/index.php?rest_route=\/wp\/v2\/pages"}],"about":[{"href":"https:\/\/www.5sl.org\/index.php?rest_route=\/wp\/v2\/types\/page"}],"author":[{"embeddable":true,"href":"https:\/\/www.5sl.org\/index.php?rest_route=\/wp\/v2\/users\/1"}],"replies":[{"embeddable":true,"href":"https:\/\/www.5sl.org\/index.php?rest_route=%2Fwp%2Fv2%2Fcomments&post=4"}],"version-history":[{"count":17,"href":"https:\/\/www.5sl.org\/index.php?rest_route=\/wp\/v2\/pages\/4\/revisions"}],"predecessor-version":[{"id":323,"href":"https:\/\/www.5sl.org\/index.php?rest_route=\/wp\/v2\/pages\/4\/revisions\/323"}],"wp:attachment":[{"href":"https:\/\/www.5sl.org\/index.php?rest_route=%2Fwp%2Fv2%2Fmedia&parent=4"}],"curies":[{"name":"wp","href":"https:\/\/api.w.org\/{rel}","templated":true}]}}