{"id":40,"date":"2016-12-31T14:47:08","date_gmt":"2016-12-31T14:47:08","guid":{"rendered":"http:\/\/5sl.org\/~5sl\/5sl_wp\/?page_id=40"},"modified":"2020-02-23T17:06:45","modified_gmt":"2020-02-23T17:06:45","slug":"anmeldeformulare","status":"publish","type":"page","link":"https:\/\/www.5sl.org\/?page_id=40","title":{"rendered":"Anmeldeformulare"},"content":{"rendered":"<p class=\"bodytext\">Hier k\u00f6nnen Sie unsere Anmeldeformulare im PDF-Format herunterladen.<\/p>\n<p><a href=\"https:\/\/www.5sl.org\/wp-content\/uploads\/2020\/02\/antrag_priv_pdf.pdf\">Anmeldung f\u00fcr Privatpersonen (PDF)<\/a><\/p>\n<p><a href=\"https:\/\/www.5sl.org\/wp-content\/uploads\/2020\/02\/antrag_verein.pdf\">Anmeldung f\u00fcr Vereine (PDF)<\/a><\/p>\n<p><a href=\"https:\/\/www.5sl.org\/wp-content\/uploads\/2020\/02\/antrag_domain.pdf\">Anmeldung von Domains (PDF)<\/a><\/p>\n<p class=\"bodytext\">Bitte f\u00fcllen Sie das gew\u00fcnschte Formular aus und leiten Sie es uns handschriftlich unterzeichnet mit den im Formular genannten Unterlagen per Briefpost oder Fax zu:<\/p>\n<p class=\"bodytext\">\n<p class=\"bodytext\">B\u00fcrgernetz F\u00fcnf-Seen-Land<br \/>\nGrundberg 6<br \/>\nD-82229 Seefeld<br \/>\nFax 08152 980 218<\/p>\n","protected":false},"excerpt":{"rendered":"<p>Hier k\u00f6nnen Sie unsere Anmeldeformulare im PDF-Format herunterladen. Anmeldung f\u00fcr Privatpersonen (PDF) Anmeldung f\u00fcr Vereine (PDF) Anmeldung von Domains (PDF) Bitte f\u00fcllen Sie das gew\u00fcnschte Formular aus und leiten Sie es uns handschriftlich unterzeichnet mit den im Formular genannten Unterlagen per Briefpost oder Fax zu: B\u00fcrgernetz F\u00fcnf-Seen-Land Grundberg 6 D-82229 Seefeld Fax 08152 980 218<\/p>\n","protected":false},"author":1,"featured_media":0,"parent":13,"menu_order":0,"comment_status":"closed","ping_status":"closed","template":"","meta":[],"_links":{"self":[{"href":"https:\/\/www.5sl.org\/index.php?rest_route=\/wp\/v2\/pages\/40"}],"collection":[{"href":"https:\/\/www.5sl.org\/index.php?rest_route=\/wp\/v2\/pages"}],"about":[{"href":"https:\/\/www.5sl.org\/index.php?rest_route=\/wp\/v2\/types\/page"}],"author":[{"embeddable":true,"href":"https:\/\/www.5sl.org\/index.php?rest_route=\/wp\/v2\/users\/1"}],"replies":[{"embeddable":true,"href":"https:\/\/www.5sl.org\/index.php?rest_route=%2Fwp%2Fv2%2Fcomments&post=40"}],"version-history":[{"count":4,"href":"https:\/\/www.5sl.org\/index.php?rest_route=\/wp\/v2\/pages\/40\/revisions"}],"predecessor-version":[{"id":248,"href":"https:\/\/www.5sl.org\/index.php?rest_route=\/wp\/v2\/pages\/40\/revisions\/248"}],"up":[{"embeddable":true,"href":"https:\/\/www.5sl.org\/index.php?rest_route=\/wp\/v2\/pages\/13"}],"wp:attachment":[{"href":"https:\/\/www.5sl.org\/index.php?rest_route=%2Fwp%2Fv2%2Fmedia&parent=40"}],"curies":[{"name":"wp","href":"https:\/\/api.w.org\/{rel}","templated":true}]}}