{"id":46,"date":"2018-06-13T17:51:47","date_gmt":"2018-06-13T17:51:47","guid":{"rendered":"http:\/\/5sl.org\/~5sl\/5sl_wp\/?page_id=46"},"modified":"2026-01-08T06:27:59","modified_gmt":"2026-01-08T06:27:59","slug":"impressum","status":"publish","type":"page","link":"https:\/\/www.5sl.org\/?page_id=46","title":{"rendered":"Impressum"},"content":{"rendered":"<p class=\"bodytext\">B\u00fcrgernetz F\u00fcnf-Seen-Land<br>(Betreiberverein Informationsnetz F\u00fcnf-Seen-Land e.V.)<br>Grundberg 6<br>D-82229 Seefeld<\/p>\n<p class=\"bodytext\">Fax 08152 980 218<br>E-Mail: <a class=\"mail\" title=\"eMail senden\" href=\"mailto:technik2@5sl.org\">technik2@5sl.org<\/a><\/p>\n<p>1. Vorstand: Dr. Bernhard Edmaier<br>2. Vorstand: Dr. Joachim Neudert<br>Verwaltung: Sabine Stadler<br>Technik:&nbsp; Technik-Team (<a class=\"mail\" title=\"eMail senden\" href=\"mailto:technik@5sl.org\">technik2@5sl.org<\/a>)<\/p>\n<p>\u00bb&nbsp;<a class=\"internal-link\" title=\"Opens internal link in current window\" href=\"http:\/\/wp.5sl.org\/?page_id=17\" target=\"_self\" rel=\"noopener\">Pers\u00f6nlich Kontakt aufnehmen<\/a><\/p>\n<p><\/p>\n<h2 class=\"bodytext\">Rechtliche Hinweise zur DSGVO:<\/h2>\n<p class=\"bodytext\"><b>Kurzbeschreibung:<\/b><br>Das B\u00fcrgernetz F\u00fcnf-Seen-Land ist eine Initiative mit ehrenamtlichen Mitgliedern.<br>Wir bieten E-Mail, Cloud, Domainverwaltung und Webspace sowie Hilfestellungen im Umgang mit diversen IT-Problemen.<br>Weitere ausf\u00fchrliche Informationen zur Initiative und Geschichte der B\u00fcrgernetzvereine erhalten Sie beim&nbsp;<a class=\"external-link-new-window\" title=\"Opens external link in new window\" href=\"http:\/\/buerger.net\/\" target=\"_blank\" rel=\"noopener noreferrer\">B\u00fcrgernetzverband e.V.<\/a><\/p>\n<p class=\"bodytext\"><b>Wesentliche Verarbeitungst\u00e4tigkeiten:<\/b><\/p>\n<ul>\n<li>Mitgliederverwaltung<\/li>\n<li>Nutzerverwaltung f\u00fcr E-Mail, Domainverwaltung, Web-Space und Cloud-L\u00f6sungen<\/li>\n<li>Beantworten von Anfragen per E-Mail oder Kontaktformular<\/li>\n<\/ul>\n<p class=\"bodytext\"><b>Verzeichnis von Verarbeitungst\u00e4tigkeiten:<\/b><\/p>\n<p class=\"bodytext\">Das Verzeichnis von Verarbeitungst\u00e4tigkeiten wird vom Vereinsvorstand und Technik-Team gef\u00fchrt.<\/p>\n<p class=\"bodytext\"><b>Datenschutz-Verpflichtung von &#8222;Besch\u00e4ftigten&#8220;:<\/b><\/p>\n<p class=\"bodytext\">Alle Personen im B\u00fcrgernetz, die personenbezogenen Daten bearbeiten sind in die geltenden Datenschutz-Bestimmungen eingewiesen.<\/p>\n<p class=\"bodytext\"><b>Information- und Auskunftspflichten:<\/b><\/p>\n<p class=\"bodytext\">Wenn Sie die Seite \u00fcber eine SSL-Verschl\u00fcsselung aufrufen (https:\/\/www.5sl.org) werden Formulardaten verschl\u00fcsselt \u00fcbertragen.<\/p>\n<p class=\"bodytext\">Antworten erfolgen in der Regel unverschl\u00fcsselt per E-Mail.<br>Falls eine sichere Variante der elektronischen Daten\u00fcbertragung gew\u00fcnscht wird (z.B. Downloadlink via Cloud-Space mit Passwortschutz), teilen Sie uns das bei der Daten\u00fcbermittlung bitte entsprechend mit.<\/p>\n<p class=\"bodytext\">Diese Seite verwendet Cookies, die aber vom Benutzer in den Einstellungen des Web-Browsers abgeschaltet werden k\u00f6nnen.<\/p>\n<p class=\"bodytext\"><b>Datenl\u00f6schung:<\/b><\/p>\n<p class=\"bodytext\">Die \u00dcbermittlung von personenbezogenen Daten an das B\u00fcrgernetz erfolgt freiwillig.<br>Gespeicherte Mitglieds- und Benutzer-Daten werden nach Beendigung der Mirgliedschaft im Rahmen der geltenden Bestimmungen r\u00fcckstandsfrei gel\u00f6scht.<\/p>\n<p class=\"bodytext\">Einzel-Anfragen werden nach der Bearbeitung sp\u00e4testens binnen 2 Wochen gel\u00f6scht.<\/p>\n<p class=\"bodytext\"><b>Datensicherheit:<\/b><\/p>\n<p class=\"bodytext\">Die elektronischen Daten werden in einem zertifizierten Rechenzentrum gespeichert.<br>Papierunterlagen werden in abgeschlossenen Beh\u00e4ltern beim Vorstand und der Verwaltung verwahrt.<\/p>\n<p class=\"bodytext\"><b>Auftragsverarbeitung:<\/b><\/p>\n<p class=\"bodytext\">Ein Vertrag zur Auftragsverarbeitung wird f\u00fcr Kunden abgeschlossen, die das B\u00fcrgernetz-Angebot nicht rein privat nutzen.<br>Wenden Sie sich bei Bedarf bitte an den Vorstand.<\/p>\n<p class=\"bodytext\"><b>Datenschutzverletzungen:<\/b><\/p>\n<p class=\"bodytext\">Etwaige Datenschutzverst\u00f6\u00dfe melden wir an das&nbsp; Bayerische Landesamt f\u00fcr Datenschutzaufsicht.<\/p>\n<p class=\"bodytext\"><b>Datenschutzbeauftragter:<\/b><\/p>\n<p>Das B\u00fcrgernetz ben\u00f6tigt keinen Datenschutzbeauftragten, da weniger als 10 Personen regelm\u00e4\u00dfig personenbezogene Daten verarbeiten.<\/p>\n<p class=\"bodytext\"><b>Datenschutz-Folgeabsch\u00e4tzung:<\/b><\/p>\n<p class=\"bodytext\">Eine Datenschutz-Folgeabsch\u00e4tzung ist in der Regel nicht notwendig, da bei der Datenverarbeitung kein hohes Risiko und kein erh\u00f6hter Schutzbedarf besteht.<\/p>\n<p class=\"bodytext\"><b>Videoschutz\u00fcberwachung:<\/b><\/p>\n<p class=\"bodytext\">Es erfolgt keine Video\u00fcberwachung.<br>Das B\u00fcrgernetz hat lediglich eine <a class=\"internal-link\" title=\"Opens internal link in current window\" href=\"http:\/\/wp.5sl.org\/?page_id=65\" target=\"_self\" rel=\"noopener\">Web-Cam<\/a> istalliert.<\/p>\n<p><strong>Kontaktformular:<\/strong><br>Die eingetragenen Formulardaten werden unverschl\u00fcsselt per E-Mail \u00fcbertragen. Das Kontaktformular kann in dieser Form nur mit Zustimmung des Benutzers verwendet werden.<br>Die Daten werden nach der Bearbeitung umgehend gel\u00f6scht. Eine l\u00e4ngerfristige Aufbewahrung erfolgt nur f\u00fcr Sachverhalte, die dies im Rahmen des geltenden Rechts f\u00fcr eine ordnungsgem\u00e4\u00dfen Aktenf\u00fchrung erfordern.<\/p>\n<h3><a name=\"1\"><\/a>Haftungsausschluss<\/h3>\n<p class=\"bodytext\"><b>1. Inhalt des Onlineangebotes<\/b><br>Der Autor \u00fcbernimmt keinerlei Gew\u00e4hr f\u00fcr die Aktualit\u00e4t, Korrektheit, Vollst\u00e4ndigkeit oder Qualit\u00e4t der bereitgestellten Informationen. Haftungsanspr\u00fcche gegen den Autor, welche sich auf Sch\u00e4den materieller oder ideeller Art beziehen, die durch die Nutzung oder Nichtnutzung der dargebotenen Informationen bzw. durch die Nutzung fehlerhafter und unvollst\u00e4ndiger Informationen verursacht wurden, sind grunds\u00e4tzlich ausgeschlossen, sofern seitens des Autors kein nachweislich vors\u00e4tzliches oder grob fahrl\u00e4ssiges Verschulden vorliegt.<br>Alle Angebote sind freibleibend und unverbindlich. Der Autor beh\u00e4lt es sich ausdr\u00fccklich vor, Teile der Seiten oder das gesamte Angebot ohne gesonderte Ank\u00fcndigung zu ver\u00e4ndern, zu erg\u00e4nzen, zu l\u00f6schen oder die Ver\u00f6ffentlichung zeitweise oder endg\u00fcltig einzustellen.<\/p>\n<p class=\"bodytext\"><b>2. Verweise und Links<\/b><br>Bei direkten oder indirekten Verweisen auf fremde Webseiten (&#8222;Hyperlinks&#8220;), die au\u00dferhalb des Verantwortungsbereiches des Autors liegen, w\u00fcrde eine Haftungsverpflichtung ausschlie\u00dflich in dem Fall in Kraft treten, in dem der Autor von den Inhalten Kenntnis hat und es ihm technisch m\u00f6glich und zumutbar w\u00e4re, die Nutzung im Falle rechtswidriger Inhalte zu verhindern.<br>Der Autor erkl\u00e4rt hiermit ausdr\u00fccklich, dass zum Zeitpunkt der Linksetzung keine illegalen Inhalte auf den zu verlinkenden Seiten erkennbar waren. Auf die aktuelle und zuk\u00fcnftige Gestaltung, die Inhalte oder die Urheberschaft der verlinkten\/verkn\u00fcpften Seiten hat der Autor keinerlei Einfluss. Deshalb distanziert er sich hiermit ausdr\u00fccklich von allen Inhalten aller verlinkten \/verkn\u00fcpften Seiten, die nach der Linksetzung ver\u00e4ndert wurden. Diese Feststellung gilt f\u00fcr alle innerhalb des eigenen Internetangebotes gesetzten Links und Verweise sowie f\u00fcr Fremdeintr\u00e4ge in vom Autor eingerichteten G\u00e4steb\u00fcchern, Diskussionsforen, Linkverzeichnissen, Mailinglisten und in allen anderen Formen von Datenbanken, auf deren Inhalt externe Schreibzugriffe m\u00f6glich sind. F\u00fcr illegale, fehlerhafte oder unvollst\u00e4ndige Inhalte und insbesondere f\u00fcr Sch\u00e4den, die aus der Nutzung oder Nichtnutzung solcherart dargebotener Informationen entstehen, haftet allein der Anbieter der Seite, auf welche verwiesen wurde, nicht derjenige, der \u00fcber Links auf die jeweilige Ver\u00f6ffentlichung lediglich verweist.<\/p>\n<p class=\"bodytext\"><b>3. Urheber- und Kennzeichenrecht<\/b><br>Der Autor ist bestrebt, in allen Publikationen die Urheberrechte der verwendeten Bilder, Grafiken, Tondokumente, Videosequenzen und Texte zu beachten, von ihm selbst erstellte Bilder, Grafiken, Tondokumente, Videosequenzen und Texte zu nutzen oder auf lizenzfreie Grafiken, Tondokumente, Videosequenzen und Texte zur\u00fcckzugreifen.<br>Alle innerhalb des Internetangebotes genannten und ggf. durch Dritte gesch\u00fctzten Marken- und Warenzeichen unterliegen uneingeschr\u00e4nkt den Bestimmungen des jeweils g\u00fcltigen Kennzeichenrechts und den Besitzrechten der jeweiligen eingetragenen Eigent\u00fcmer. Allein aufgrund der blo\u00dfen Nennung ist nicht der Schluss zu ziehen, dass Markenzeichen nicht durch Rechte Dritter gesch\u00fctzt sind!<br>Das Copyright f\u00fcr ver\u00f6ffentlichte, vom Autor selbst erstellte Objekte bleibt allein beim Autor der Seiten. Eine Vervielf\u00e4ltigung oder Verwendung solcher Grafiken, Tondokumente, Videosequenzen und Texte in anderen elektronischen oder gedruckten Publikationen ist ohne ausdr\u00fcckliche Zustimmung des Autors nicht gestattet.<\/p>\n<p class=\"bodytext\"><b>4. Datenschutz<\/b><br>Sofern innerhalb des Internetangebotes die M\u00f6glichkeit zur Eingabe pers\u00f6nlicher oder gesch\u00e4ftlicher Daten (Emailadressen, Namen, Anschriften) besteht, so erfolgt die Preisgabe dieser Daten seitens des Nutzers auf ausdr\u00fccklich freiwilliger Basis. Die Inanspruchnahme und Bezahlung aller angebotenen Dienste ist &#8211; soweit technisch m\u00f6glich und zumutbar &#8211; auch ohne Angabe solcher Daten bzw. unter Angabe anonymisierter Daten oder eines Pseudonyms gestattet. Die Nutzung der im Rahmen des Impressums oder vergleichbarer Angaben ver\u00f6ffentlichten Kontaktdaten wie Postanschriften, Telefon- und Faxnummern sowie Emailadressen durch Dritte zur \u00dcbersendung von nicht ausdr\u00fccklich angeforderten Informationen ist nicht gestattet. Rechtliche Schritte gegen die Versender von sogenannten Spam-Mails bei Verst\u00f6ssen gegen dieses Verbot sind ausdr\u00fccklich vorbehalten.<\/p>\n<p class=\"bodytext\"><b>5. Rechtswirksamkeit dieses Haftungsausschlusses<\/b><br>Dieser Haftungsausschluss ist als Teil des Internetangebotes zu betrachten, von dem aus auf diese Seite verwiesen wurde. Sofern Teile oder einzelne Formulierungen dieses Textes der geltenden Rechtslage nicht, nicht mehr oder nicht vollst\u00e4ndig entsprechen sollten, bleiben die \u00fcbrigen Teile des Dokumentes in ihrem Inhalt und ihrer G\u00fcltigkeit davon unber\u00fchrt.<\/p>\n<p class=\"bodytext\"><a class=\"external-link-new-window\" title=\"Disclaimer im neuen Fenster\" href=\"http:\/\/www.disclaimer.de\/disclaimer.htm?farbe=E5E5FF\/000088\/1111FF\/1111FF\" target=\"_blank\" rel=\"noopener noreferrer\">Haftungsausschluss \/ Disclaimer<\/a><\/p>\n\n\n<hr><p>Stand: 2026<\/p>\n","protected":false},"excerpt":{"rendered":"<p>B\u00fcrgernetz F\u00fcnf-Seen-Land(Betreiberverein Informationsnetz F\u00fcnf-Seen-Land e.V.)Grundberg 6D-82229 Seefeld Fax 08152 980 218E-Mail: technik2@5sl.org 1. Vorstand: Dr. Bernhard Edmaier2. Vorstand: Dr. Joachim NeudertVerwaltung: Sabine StadlerTechnik:&nbsp; Technik-Team (technik2@5sl.org) \u00bb&nbsp;Pers\u00f6nlich Kontakt aufnehmen Rechtliche Hinweise zur DSGVO: Kurzbeschreibung:Das B\u00fcrgernetz F\u00fcnf-Seen-Land ist eine Initiative mit ehrenamtlichen Mitgliedern.Wir bieten E-Mail, Cloud, Domainverwaltung und Webspace sowie Hilfestellungen im Umgang mit diversen IT-Problemen.Weitere ausf\u00fchrliche &hellip; <a href=\"https:\/\/www.5sl.org\/?page_id=46\" class=\"more-link\"><span class=\"screen-reader-text\">&#8222;Impressum&#8220; <\/span>weiterlesen<\/a><\/p>\n","protected":false},"author":1,"featured_media":0,"parent":0,"menu_order":0,"comment_status":"closed","ping_status":"closed","template":"","meta":[],"_links":{"self":[{"href":"https:\/\/www.5sl.org\/index.php?rest_route=\/wp\/v2\/pages\/46"}],"collection":[{"href":"https:\/\/www.5sl.org\/index.php?rest_route=\/wp\/v2\/pages"}],"about":[{"href":"https:\/\/www.5sl.org\/index.php?rest_route=\/wp\/v2\/types\/page"}],"author":[{"embeddable":true,"href":"https:\/\/www.5sl.org\/index.php?rest_route=\/wp\/v2\/users\/1"}],"replies":[{"embeddable":true,"href":"https:\/\/www.5sl.org\/index.php?rest_route=%2Fwp%2Fv2%2Fcomments&post=46"}],"version-history":[{"count":15,"href":"https:\/\/www.5sl.org\/index.php?rest_route=\/wp\/v2\/pages\/46\/revisions"}],"predecessor-version":[{"id":320,"href":"https:\/\/www.5sl.org\/index.php?rest_route=\/wp\/v2\/pages\/46\/revisions\/320"}],"wp:attachment":[{"href":"https:\/\/www.5sl.org\/index.php?rest_route=%2Fwp%2Fv2%2Fmedia&parent=46"}],"curies":[{"name":"wp","href":"https:\/\/api.w.org\/{rel}","templated":true}]}}