{"id":73,"date":"2018-06-28T09:48:27","date_gmt":"2018-06-28T09:48:27","guid":{"rendered":"http:\/\/wp.5sl.org\/?page_id=73"},"modified":"2020-02-23T18:59:42","modified_gmt":"2020-02-23T18:59:42","slug":"kontakt","status":"publish","type":"page","link":"https:\/\/www.5sl.org\/?page_id=73","title":{"rendered":"Kontakt"},"content":{"rendered":"<p>E-Mail Kontakt: <a href=\"mailto:info@5sl.org\">info@5sl.org<\/a><\/p>\n<p><a href=\"https:\/\/www.5sl.org\/?page_id=173\">Kontakformular<\/a><\/p>\n<p><a href=\"https:\/\/www.5sl.org\/?page_id=17\">Pers\u00f6nliche Erreichbarkeit<\/a><\/p>\n<p>Postadresse:<br \/>\nB\u00fcrgernetz F\u00fcnf-Seen-Land<br \/>\n(Betreiberverein Informationsnetz F\u00fcnf-Seen-Land e.V.)<br \/>\nGrundberg 6<br \/>\nD-82229 Seefeld<\/p>\n","protected":false},"excerpt":{"rendered":"<p>E-Mail Kontakt: info@5sl.org Kontakformular Pers\u00f6nliche Erreichbarkeit Postadresse: B\u00fcrgernetz F\u00fcnf-Seen-Land (Betreiberverein Informationsnetz F\u00fcnf-Seen-Land e.V.) Grundberg 6 D-82229 Seefeld<\/p>\n","protected":false},"author":2,"featured_media":0,"parent":0,"menu_order":0,"comment_status":"closed","ping_status":"closed","template":"","meta":[],"_links":{"self":[{"href":"https:\/\/www.5sl.org\/index.php?rest_route=\/wp\/v2\/pages\/73"}],"collection":[{"href":"https:\/\/www.5sl.org\/index.php?rest_route=\/wp\/v2\/pages"}],"about":[{"href":"https:\/\/www.5sl.org\/index.php?rest_route=\/wp\/v2\/types\/page"}],"author":[{"embeddable":true,"href":"https:\/\/www.5sl.org\/index.php?rest_route=\/wp\/v2\/users\/2"}],"replies":[{"embeddable":true,"href":"https:\/\/www.5sl.org\/index.php?rest_route=%2Fwp%2Fv2%2Fcomments&post=73"}],"version-history":[{"count":4,"href":"https:\/\/www.5sl.org\/index.php?rest_route=\/wp\/v2\/pages\/73\/revisions"}],"predecessor-version":[{"id":271,"href":"https:\/\/www.5sl.org\/index.php?rest_route=\/wp\/v2\/pages\/73\/revisions\/271"}],"wp:attachment":[{"href":"https:\/\/www.5sl.org\/index.php?rest_route=%2Fwp%2Fv2%2Fmedia&parent=73"}],"curies":[{"name":"wp","href":"https:\/\/api.w.org\/{rel}","templated":true}]}}